{"id":10,"date":"2024-04-10T22:07:34","date_gmt":"2024-04-10T22:07:34","guid":{"rendered":"https:\/\/elbienique.cl\/web\/?page_id=10"},"modified":"2026-04-10T11:26:28","modified_gmt":"2026-04-10T15:26:28","slug":"inicio","status":"publish","type":"page","link":"https:\/\/elbienique.cl\/web\/","title":{"rendered":"Inicio"},"content":{"rendered":"<p>[et_pb_section fb_built=\u00bb1&#8243; admin_label=\u00bbHeader\u00bb _builder_version=\u00bb4.21.0&#8243; _module_preset=\u00bbdefault\u00bb background_color=\u00bbgcid-eba9b965-b9f9-43f5-b7e8-a0591766089f\u00bb background_enable_image=\u00bboff\u00bb parallax=\u00bbon\u00bb background_enable_mask_style=\u00bbon\u00bb background_mask_style=\u00bbwave\u00bb da_disable_devices=\u00bboff|off|off\u00bb collapsed=\u00bbon\u00bb global_colors_info=\u00bb{%22gcid-eba9b965-b9f9-43f5-b7e8-a0591766089f%22:%91%22background_color%22%93}\u00bb da_is_popup=\u00bboff\u00bb da_exit_intent=\u00bboff\u00bb da_has_close=\u00bbon\u00bb da_alt_close=\u00bboff\u00bb da_dark_close=\u00bboff\u00bb da_not_modal=\u00bbon\u00bb da_is_singular=\u00bboff\u00bb da_with_loader=\u00bboff\u00bb da_has_shadow=\u00bbon\u00bb][et_pb_row column_structure=\u00bb1_3,2_3&#8243; module_id=\u00bbtodos_guia_turistica\u00bb _builder_version=\u00bb4.21.0&#8243; _module_preset=\u00bbdefault\u00bb max_width=\u00bb1280px\u00bb global_colors_info=\u00bb{}\u00bb][et_pb_column type=\u00bb1_3&#8243; _builder_version=\u00bb4.21.0&#8243; _module_preset=\u00bbdefault\u00bb background_enable_color=\u00bboff\u00bb transform_translate=\u00bb0px|-15px\u00bb transform_translate_linked=\u00bboff\u00bb custom_padding=\u00bb15px|15px|15px|15px|true|true\u00bb border_radii=\u00bbon|10px|10px|10px|10px\u00bb border_color_all=\u00bb#fbc046&#8243; global_colors_info=\u00bb{%22gcid-eba9b965-b9f9-43f5-b7e8-a0591766089f%22:%91%22background_color%22%93}\u00bb background__hover_enabled=\u00bboff|desktop\u00bb background_enable_mask_style__hover=\u00bboff\u00bb background_enable_color__hover=\u00bboff\u00bb transform_styles__hover_enabled=\u00bbon|hover\u00bb transform_scale__hover_enabled=\u00bbon|hover\u00bb transform_translate__hover_enabled=\u00bbon|desktop\u00bb transform_rotate__hover_enabled=\u00bbon|desktop\u00bb transform_skew__hover_enabled=\u00bbon|desktop\u00bb transform_origin__hover_enabled=\u00bbon|desktop\u00bb transform_translate__hover=\u00bb0px|-30px\u00bb][et_pb_text _builder_version=\u00bb4.21.0&#8243; _module_preset=\u00bb0cafebdb-9a9d-4c6b-b0c7-627d8ebe0249&#8243; header_4_text_color=\u00bbgcid-f97cece5-7be8-4f1e-9c80-b24cb8a333b3&#8243; locked=\u00bboff\u00bb global_colors_info=\u00bb{%22gcid-f97cece5-7be8-4f1e-9c80-b24cb8a333b3%22:%91%22header_4_text_color%22%93}\u00bb]<\/p>\n<h4>Visita nuestra<\/h4>\n<p>[\/et_pb_text][et_pb_text _builder_version=\u00bb4.21.0&#8243; _module_preset=\u00bba05b1f09-f606-474d-89ce-58a95e4754d9&#8243; custom_margin=\u00bb||11px|||\u00bb locked=\u00bboff\u00bb global_colors_info=\u00bb{}\u00bb]<\/p>\n<h1>Gu\u00eda Bienestar Social Iquique<\/h1>\n<p>[\/et_pb_text][et_pb_text _builder_version=\u00bb4.21.0&#8243; _module_preset=\u00bb2fbafbf8-51e2-4fb2-8a60-7b60caced418&#8243; text_text_color=\u00bb#000000&#8243; text_orientation=\u00bbcenter\u00bb global_colors_info=\u00bb{}\u00bb]<\/p>\n<p style=\"text-align: justify;\">Es un recurso completo que presenta una gama de servicios dise\u00f1ados para promover el bienestar y la calidad de vida de los miembros de la Armada y sus familias, abarcando aspectos habitacionales, recreativos, educativos, legales, sociales y comerciales.<\/p>\n<p>[\/et_pb_text][et_pb_button button_url=\u00bb#ver_todos\u00bb button_text=\u00bbVer servicios\u00bb _builder_version=\u00bb4.21.0&#8243; _module_preset=\u00bbd28f0163-1b4e-4a1e-8cd7-410bbb0d3641&#8243; locked=\u00bboff\u00bb global_colors_info=\u00bb{}\u00bb][\/et_pb_button][\/et_pb_column][et_pb_column type=\u00bb2_3&#8243; _builder_version=\u00bb4.21.0&#8243; _module_preset=\u00bbdefault\u00bb background_enable_color=\u00bboff\u00bb background_enable_image=\u00bboff\u00bb parallax=\u00bbon\u00bb transform_translate=\u00bb0px|-15px\u00bb transform_translate_linked=\u00bboff\u00bb custom_padding=\u00bb15px|15px|15px|15px|true|true\u00bb border_radii=\u00bbon|10px|10px|10px|10px\u00bb border_color_all=\u00bb#fbc046&#8243; global_colors_info=\u00bb{%22gcid-eba9b965-b9f9-43f5-b7e8-a0591766089f%22:%91%22background_color%22,%22background_color%22,%22background_color%22%93}\u00bb transform_translate__hover=\u00bb0px|-30px\u00bb transform_translate__hover_enabled=\u00bbon|desktop\u00bb transform_styles__hover_enabled=\u00bbon|hover\u00bb transform_scale__hover_enabled=\u00bbon|hover\u00bb transform_rotate__hover_enabled=\u00bbon|desktop\u00bb transform_skew__hover_enabled=\u00bbon|desktop\u00bb transform_origin__hover_enabled=\u00bbon|desktop\u00bb][et_pb_video_slider show_image_overlay=\u00bbon\u00bb _builder_version=\u00bb4.21.0&#8243; _module_preset=\u00bbdefault\u00bb border_radii=\u00bbon|10px|10px|10px|10px\u00bb global_colors_info=\u00bb{}\u00bb][et_pb_video_slider_item src=\u00bbhttps:\/\/elbienique.cl\/web\/wp-content\/uploads\/2024\/04\/WhatsApp-Video-2024-04-15-at-14.39.34.mp4&#8243; _builder_version=\u00bb4.21.0&#8243; _module_preset=\u00bbdefault\u00bb global_colors_info=\u00bb{}\u00bb show_image_overlay=\u00bbon\u00bb][\/et_pb_video_slider_item][\/et_pb_video_slider][\/et_pb_column][\/et_pb_row][\/et_pb_section][et_pb_section fb_built=\u00bb1&#8243; admin_label=\u00bbFeatures\u00bb module_id=\u00bbver_todos\u00bb _builder_version=\u00bb4.21.0&#8243; _module_preset=\u00bbdefault\u00bb hover_enabled=\u00bb0&#8243; da_popup_slug=\u00bbver_todos\u00bb da_disable_devices=\u00bboff|off|off\u00bb collapsed=\u00bbon\u00bb global_colors_info=\u00bb{}\u00bb sticky_enabled=\u00bb0&#8243; da_is_popup=\u00bboff\u00bb da_exit_intent=\u00bboff\u00bb da_has_close=\u00bbon\u00bb da_alt_close=\u00bboff\u00bb da_dark_close=\u00bboff\u00bb da_not_modal=\u00bbon\u00bb da_is_singular=\u00bboff\u00bb da_with_loader=\u00bboff\u00bb da_has_shadow=\u00bbon\u00bb][et_pb_row column_structure=\u00bb1_3,1_3,1_3&#8243; module_id=\u00bbtodos_guia_turistica\u00bb _builder_version=\u00bb4.21.0&#8243; _module_preset=\u00bbdefault\u00bb max_width=\u00bb1280px\u00bb hover_enabled=\u00bb0&#8243; global_colors_info=\u00bb{}\u00bb sticky_enabled=\u00bb0&#8243;][et_pb_column type=\u00bb1_3&#8243; _builder_version=\u00bb4.21.0&#8243; _dynamic_attributes=\u00bblink_option_url\u00bb _module_preset=\u00bbdefault\u00bb background_enable_color=\u00bboff\u00bb transform_translate=\u00bb0px|-15px\u00bb transform_translate_linked=\u00bboff\u00bb custom_padding=\u00bb15px|15px|15px|15px|true|true\u00bb link_option_url=\u00bb@ET-DC@eyJkeW5hbWljIjp0cnVlLCJjb250ZW50IjoicG9zdF9saW5rX3VybF9wYWdlIiwic2V0dGluZ3MiOnsicG9zdF9pZCI6IjExMCJ9fQ==@\u00bb hover_enabled=\u00bb0&#8243; border_radii=\u00bbon|10px|10px|10px|10px\u00bb border_color_all=\u00bb#fbc046&#8243; box_shadow_style=\u00bbpreset2&#8243; global_colors_info=\u00bb{%22gcid-eba9b965-b9f9-43f5-b7e8-a0591766089f%22:%91%22background_color%22%93}\u00bb background__hover_enabled=\u00bboff|desktop\u00bb background_enable_mask_style__hover=\u00bboff\u00bb background_enable_color__hover=\u00bboff\u00bb transform_styles__hover_enabled=\u00bbon|hover\u00bb transform_scale__hover_enabled=\u00bbon|hover\u00bb transform_translate__hover_enabled=\u00bbon|desktop\u00bb transform_rotate__hover_enabled=\u00bbon|desktop\u00bb transform_skew__hover_enabled=\u00bbon|desktop\u00bb transform_origin__hover_enabled=\u00bbon|desktop\u00bb transform_translate__hover=\u00bb0px|-30px\u00bb sticky_enabled=\u00bb0&#8243;][et_pb_image src=\u00bbhttps:\/\/elbienique.cl\/web\/wp-content\/uploads\/2024\/04\/casas-1.png\u00bb title_text=\u00bbcasas (1)\u00bb _builder_version=\u00bb4.21.0&#8243; _module_preset=\u00bbdefault\u00bb max_width=\u00bb64px\u00bb max_height=\u00bb64px\u00bb custom_margin=\u00bb||20px||false|false\u00bb global_colors_info=\u00bb{}\u00bb][\/et_pb_image][et_pb_text _builder_version=\u00bb4.21.0&#8243; _module_preset=\u00bb6196386a-0f77-421a-9f7f-cc6e2638bd88&#8243; global_colors_info=\u00bb{}\u00bb]<\/p>\n<h3>Habitacional<\/h3>\n<p>[\/et_pb_text][et_pb_text _builder_version=\u00bb4.21.0&#8243; _module_preset=\u00bb2fbafbf8-51e2-4fb2-8a60-7b60caced418&#8243; global_colors_info=\u00bb{}\u00bb]<\/p>\n<p>Descubre nuestras soluciones habitacionales dise\u00f1adas para brindar confort y seguridad a nuestra comunidad y sus familias, con opciones de vivienda adaptadas a diversas necesidades.<\/p>\n<p>[\/et_pb_text][\/et_pb_column][et_pb_column type=\u00bb1_3&#8243; _builder_version=\u00bb4.21.0&#8243; _module_preset=\u00bbdefault\u00bb background_enable_color=\u00bboff\u00bb transform_translate=\u00bb0px|-15px\u00bb transform_translate_linked=\u00bboff\u00bb custom_padding=\u00bb15px|15px|15px|15px|true|true\u00bb link_option_url=\u00bbhttps:\/\/elbienique.cl\/web\/index.php\/re\/\u00bb hover_enabled=\u00bb0&#8243; border_radii=\u00bbon|10px|10px|10px|10px\u00bb border_color_all=\u00bb#fbc046&#8243; box_shadow_style=\u00bbpreset2&#8243; global_colors_info=\u00bb{%22gcid-eba9b965-b9f9-43f5-b7e8-a0591766089f%22:%91%22background_color%22%93}\u00bb transform_translate__hover=\u00bb0px|-30px\u00bb transform_translate__hover_enabled=\u00bbon|desktop\u00bb transform_styles__hover_enabled=\u00bbon|hover\u00bb transform_scale__hover_enabled=\u00bbon|hover\u00bb transform_rotate__hover_enabled=\u00bbon|desktop\u00bb transform_skew__hover_enabled=\u00bbon|desktop\u00bb transform_origin__hover_enabled=\u00bbon|desktop\u00bb background__hover_enabled=\u00bboff|desktop\u00bb sticky_enabled=\u00bb0&#8243;][et_pb_image src=\u00bbhttps:\/\/elbienique.cl\/web\/wp-content\/uploads\/2024\/04\/kayac.png\u00bb title_text=\u00bbkayac\u00bb _builder_version=\u00bb4.21.0&#8243; _module_preset=\u00bbdefault\u00bb max_width=\u00bb64px\u00bb max_height=\u00bb64px\u00bb custom_margin=\u00bb||20px||false|false\u00bb hover_enabled=\u00bb0&#8243; global_colors_info=\u00bb{}\u00bb sticky_enabled=\u00bb0&#8243;][\/et_pb_image][et_pb_text _builder_version=\u00bb4.21.0&#8243; _module_preset=\u00bb6196386a-0f77-421a-9f7f-cc6e2638bd88&#8243; global_colors_info=\u00bb{}\u00bb]<\/p>\n<h3>Recreativa<\/h3>\n<p>[\/et_pb_text][et_pb_text _builder_version=\u00bb4.21.0&#8243; _module_preset=\u00bb2fbafbf8-51e2-4fb2-8a60-7b60caced418&#8243; global_colors_info=\u00bb{}\u00bb]<\/p>\n<p>Disfruta de nuestras instalaciones que promueven el bienestar y la recreaci\u00f3n, ofreciendo espacios para el esparcimiento y la pr\u00e1ctica de actividades deportivas para toda la familia.<\/p>\n<p>[\/et_pb_text][\/et_pb_column][et_pb_column type=\u00bb1_3&#8243; _builder_version=\u00bb4.21.0&#8243; _dynamic_attributes=\u00bblink_option_url\u00bb _module_preset=\u00bbdefault\u00bb background_enable_color=\u00bboff\u00bb transform_translate=\u00bb0px|-15px\u00bb transform_translate_linked=\u00bboff\u00bb custom_padding=\u00bb15px|15px|15px|15px|true|true\u00bb link_option_url=\u00bb@ET-DC@eyJkeW5hbWljIjp0cnVlLCJjb250ZW50IjoicG9zdF9saW5rX3VybF9wYWdlIiwic2V0dGluZ3MiOnsicG9zdF9pZCI6IjE5NyJ9fQ==@\u00bb hover_enabled=\u00bb0&#8243; border_radii=\u00bbon|10px|10px|10px|10px\u00bb border_color_all=\u00bb#fbc046&#8243; box_shadow_style=\u00bbpreset2&#8243; global_colors_info=\u00bb{%22gcid-eba9b965-b9f9-43f5-b7e8-a0591766089f%22:%91%22background_color%22%93}\u00bb transform_translate__hover=\u00bb0px|-30px\u00bb transform_translate__hover_enabled=\u00bbon|desktop\u00bb transform_styles__hover_enabled=\u00bbon|hover\u00bb transform_scale__hover_enabled=\u00bbon|hover\u00bb transform_rotate__hover_enabled=\u00bbon|desktop\u00bb transform_skew__hover_enabled=\u00bbon|desktop\u00bb transform_origin__hover_enabled=\u00bbon|desktop\u00bb background__hover_enabled=\u00bboff|desktop\u00bb sticky_enabled=\u00bb0&#8243;][et_pb_image src=\u00bbhttps:\/\/elbienique.cl\/web\/wp-content\/uploads\/2024\/04\/impresion-de-mano.png\u00bb title_text=\u00bbimpresion-de-mano\u00bb _builder_version=\u00bb4.21.0&#8243; _module_preset=\u00bbdefault\u00bb max_width=\u00bb64px\u00bb max_height=\u00bb64px\u00bb custom_margin=\u00bb||20px||false|false\u00bb global_colors_info=\u00bb{}\u00bb][\/et_pb_image][et_pb_text _builder_version=\u00bb4.21.0&#8243; _module_preset=\u00bb6196386a-0f77-421a-9f7f-cc6e2638bd88&#8243; global_colors_info=\u00bb{}\u00bb]<\/p>\n<h3>Jard\u00edn infantil<\/h3>\n<p>[\/et_pb_text][et_pb_text _builder_version=\u00bb4.21.0&#8243; _module_preset=\u00bb2fbafbf8-51e2-4fb2-8a60-7b60caced418&#8243; global_colors_info=\u00bb{}\u00bb]<\/p>\n<p>\u00a0Nuestros jardines infantiles proporcionan un entorno educativo y l\u00fadico para los ni\u00f1os, con un equipo de profesionales dedicados a su cuidado y desarrollo integral desde temprana edad.<\/p>\n<p>[\/et_pb_text][\/et_pb_column][\/et_pb_row][et_pb_row column_structure=\u00bb1_3,1_3,1_3&#8243; _builder_version=\u00bb4.21.0&#8243; _module_preset=\u00bbdefault\u00bb max_width=\u00bb1280px\u00bb global_colors_info=\u00bb{}\u00bb][et_pb_column type=\u00bb1_3&#8243; _builder_version=\u00bb4.21.0&#8243; _dynamic_attributes=\u00bblink_option_url\u00bb _module_preset=\u00bbdefault\u00bb background_enable_color=\u00bboff\u00bb transform_translate=\u00bb0px|-15px\u00bb transform_translate_linked=\u00bboff\u00bb custom_padding=\u00bb15px|15px|15px|15px|true|true\u00bb link_option_url=\u00bb@ET-DC@eyJkeW5hbWljIjp0cnVlLCJjb250ZW50IjoicG9zdF9saW5rX3VybF9wYWdlIiwic2V0dGluZ3MiOnsicG9zdF9pZCI6IjIwOCJ9fQ==@\u00bb border_radii=\u00bbon|10px|10px|10px|10px\u00bb border_color_all=\u00bb#fbc046&#8243; box_shadow_style=\u00bbpreset2&#8243; global_colors_info=\u00bb{%22gcid-eba9b965-b9f9-43f5-b7e8-a0591766089f%22:%91%22background_color%22%93}\u00bb transform_translate__hover=\u00bb0px|-30px\u00bb transform_translate__hover_enabled=\u00bbon|desktop\u00bb transform_styles__hover_enabled=\u00bbon|hover\u00bb transform_scale__hover_enabled=\u00bbon|hover\u00bb transform_rotate__hover_enabled=\u00bbon|desktop\u00bb transform_skew__hover_enabled=\u00bbon|desktop\u00bb transform_origin__hover_enabled=\u00bbon|desktop\u00bb background__hover_enabled=\u00bboff|desktop\u00bb][et_pb_image src=\u00bbhttps:\/\/elbienique.cl\/web\/wp-content\/uploads\/2024\/04\/social-1.png\u00bb title_text=\u00bbsocial (1)\u00bb _builder_version=\u00bb4.21.0&#8243; _module_preset=\u00bbdefault\u00bb max_width=\u00bb64px\u00bb max_height=\u00bb64px\u00bb custom_margin=\u00bb||20px||false|false\u00bb global_colors_info=\u00bb{}\u00bb][\/et_pb_image][et_pb_text _builder_version=\u00bb4.21.0&#8243; _module_preset=\u00bb6196386a-0f77-421a-9f7f-cc6e2638bd88&#8243; global_colors_info=\u00bb{}\u00bb]<\/p>\n<h3>Social<\/h3>\n<p>[\/et_pb_text][et_pb_text _builder_version=\u00bb4.21.0&#8243; _module_preset=\u00bb2fbafbf8-51e2-4fb2-8a60-7b60caced418&#8243; global_colors_info=\u00bb{}\u00bb]<\/p>\n<p>Apoyamos el bienestar social de nuestra comunidad naval mediante programas y servicios que promueven la integraci\u00f3n, la solidaridad y el apoyo mutuo entre sus miembros.<\/p>\n<p>[\/et_pb_text][\/et_pb_column][et_pb_column type=\u00bb1_3&#8243; _builder_version=\u00bb4.21.0&#8243; _dynamic_attributes=\u00bblink_option_url\u00bb _module_preset=\u00bbdefault\u00bb background_enable_color=\u00bboff\u00bb transform_translate=\u00bb0px|-15px\u00bb transform_translate_linked=\u00bboff\u00bb custom_padding=\u00bb15px|15px|15px|15px|true|true\u00bb link_option_url=\u00bb@ET-DC@eyJkeW5hbWljIjp0cnVlLCJjb250ZW50IjoicG9zdF9saW5rX3VybF9wYWdlIiwic2V0dGluZ3MiOnsicG9zdF9pZCI6IjIyMiJ9fQ==@\u00bb border_radii=\u00bbon|10px|10px|10px|10px\u00bb border_color_all=\u00bb#fbc046&#8243; box_shadow_style=\u00bbpreset2&#8243; global_colors_info=\u00bb{%22gcid-eba9b965-b9f9-43f5-b7e8-a0591766089f%22:%91%22background_color%22%93}\u00bb transform_translate__hover=\u00bb0px|-30px\u00bb transform_translate__hover_enabled=\u00bbon|desktop\u00bb transform_styles__hover_enabled=\u00bbon|hover\u00bb transform_scale__hover_enabled=\u00bbon|hover\u00bb transform_rotate__hover_enabled=\u00bbon|desktop\u00bb transform_skew__hover_enabled=\u00bbon|desktop\u00bb transform_origin__hover_enabled=\u00bbon|desktop\u00bb background__hover_enabled=\u00bboff|desktop\u00bb][et_pb_image src=\u00bbhttps:\/\/elbienique.cl\/web\/wp-content\/uploads\/2024\/04\/martillo.png\u00bb title_text=\u00bbmartillo\u00bb _builder_version=\u00bb4.21.0&#8243; _module_preset=\u00bbdefault\u00bb max_width=\u00bb64px\u00bb max_height=\u00bb64px\u00bb custom_margin=\u00bb||20px||false|false\u00bb global_colors_info=\u00bb{}\u00bb][\/et_pb_image][et_pb_text _builder_version=\u00bb4.21.0&#8243; _module_preset=\u00bb6196386a-0f77-421a-9f7f-cc6e2638bd88&#8243; global_colors_info=\u00bb{}\u00bb]<\/p>\n<h3>Jur\u00eddica<\/h3>\n<p>[\/et_pb_text][et_pb_text _builder_version=\u00bb4.21.0&#8243; _module_preset=\u00bb2fbafbf8-51e2-4fb2-8a60-7b60caced418&#8243; global_colors_info=\u00bb{}\u00bb]<\/p>\n<p>Brindamos asesor\u00eda y orientaci\u00f3n jur\u00eddica a los miembros de la Armada y sus familias, garantizando el acceso a la justicia y protegiendo sus derechos legales en diversas situaciones.<\/p>\n<p>[\/et_pb_text][\/et_pb_column][et_pb_column type=\u00bb1_3&#8243; _builder_version=\u00bb4.21.0&#8243; _dynamic_attributes=\u00bblink_option_url\u00bb _module_preset=\u00bbdefault\u00bb background_enable_color=\u00bboff\u00bb transform_translate=\u00bb0px|-15px\u00bb transform_translate_linked=\u00bboff\u00bb custom_padding=\u00bb15px|15px|15px|15px|true|true\u00bb link_option_url=\u00bb@ET-DC@eyJkeW5hbWljIjp0cnVlLCJjb250ZW50IjoicG9zdF9saW5rX3VybF9wYWdlIiwic2V0dGluZ3MiOnsicG9zdF9pZCI6IjIzMSJ9fQ==@\u00bb border_radii=\u00bbon|10px|10px|10px|10px\u00bb border_color_all=\u00bb#fbc046&#8243; box_shadow_style=\u00bbpreset2&#8243; global_colors_info=\u00bb{%22gcid-eba9b965-b9f9-43f5-b7e8-a0591766089f%22:%91%22background_color%22%93}\u00bb transform_translate__hover=\u00bb0px|-30px\u00bb transform_translate__hover_enabled=\u00bbon|desktop\u00bb transform_styles__hover_enabled=\u00bbon|hover\u00bb transform_scale__hover_enabled=\u00bbon|hover\u00bb transform_rotate__hover_enabled=\u00bbon|desktop\u00bb transform_skew__hover_enabled=\u00bbon|desktop\u00bb transform_origin__hover_enabled=\u00bbon|desktop\u00bb background__hover_enabled=\u00bboff|desktop\u00bb][et_pb_image src=\u00bbhttps:\/\/elbienique.cl\/web\/wp-content\/uploads\/2024\/04\/bolsa-de-la-compra.png\u00bb title_text=\u00bbbolsa-de-la-compra\u00bb _builder_version=\u00bb4.21.0&#8243; _module_preset=\u00bbdefault\u00bb max_width=\u00bb64px\u00bb max_height=\u00bb64px\u00bb custom_margin=\u00bb||20px||false|false\u00bb global_colors_info=\u00bb{}\u00bb][\/et_pb_image][et_pb_text _builder_version=\u00bb4.21.0&#8243; _module_preset=\u00bb6196386a-0f77-421a-9f7f-cc6e2638bd88&#8243; global_colors_info=\u00bb{}\u00bb]<\/p>\n<h3>Comercial<\/h3>\n<p>[\/et_pb_text][et_pb_text _builder_version=\u00bb4.21.0&#8243; _module_preset=\u00bb2fbafbf8-51e2-4fb2-8a60-7b60caced418&#8243; global_colors_info=\u00bb{}\u00bb]<\/p>\n<p>Brindamos asesor\u00eda y orientaci\u00f3n jur\u00eddica a los miembros de la Armada y sus familias, garantizando el acceso a la justicia y protegiendo sus derechos legales en diversas situaciones.<\/p>\n<p>[\/et_pb_text][\/et_pb_column][\/et_pb_row][\/et_pb_section][et_pb_section fb_built=\u00bb1&#8243; admin_label=\u00bbHeader\u00bb _builder_version=\u00bb4.21.0&#8243; _module_preset=\u00bbdefault\u00bb background_color=\u00bb#FFFFFF\u00bb da_disable_devices=\u00bboff|off|off\u00bb locked=\u00bboff\u00bb collapsed=\u00bbon\u00bb global_colors_info=\u00bb{}\u00bb da_is_popup=\u00bboff\u00bb da_exit_intent=\u00bboff\u00bb da_has_close=\u00bbon\u00bb da_alt_close=\u00bboff\u00bb da_dark_close=\u00bboff\u00bb da_not_modal=\u00bbon\u00bb da_is_singular=\u00bboff\u00bb da_with_loader=\u00bboff\u00bb da_has_shadow=\u00bbon\u00bb][\/et_pb_section]<\/p>\n","protected":false},"excerpt":{"rendered":"<p>Visita nuestraGu\u00eda Bienestar Social IquiqueEs un recurso completo que presenta una gama de servicios dise\u00f1ados para promover el bienestar y la calidad de vida de los miembros de la Armada y sus familias, abarcando aspectos habitacionales, recreativos, educativos, legales, sociales y comerciales.HabitacionalDescubre nuestras soluciones habitacionales dise\u00f1adas para brindar confort y seguridad a nuestra comunidad y [&hellip;]<\/p>\n","protected":false},"author":1,"featured_media":0,"parent":0,"menu_order":0,"comment_status":"closed","ping_status":"closed","template":"","meta":{"_et_pb_use_builder":"on","_et_pb_old_content":"","_et_gb_content_width":"","footnotes":""},"class_list":["post-10","page","type-page","status-publish","hentry"],"_links":{"self":[{"href":"https:\/\/elbienique.cl\/web\/index.php\/wp-json\/wp\/v2\/pages\/10","targetHints":{"allow":["GET"]}}],"collection":[{"href":"https:\/\/elbienique.cl\/web\/index.php\/wp-json\/wp\/v2\/pages"}],"about":[{"href":"https:\/\/elbienique.cl\/web\/index.php\/wp-json\/wp\/v2\/types\/page"}],"author":[{"embeddable":true,"href":"https:\/\/elbienique.cl\/web\/index.php\/wp-json\/wp\/v2\/users\/1"}],"replies":[{"embeddable":true,"href":"https:\/\/elbienique.cl\/web\/index.php\/wp-json\/wp\/v2\/comments?post=10"}],"version-history":[{"count":103,"href":"https:\/\/elbienique.cl\/web\/index.php\/wp-json\/wp\/v2\/pages\/10\/revisions"}],"predecessor-version":[{"id":806,"href":"https:\/\/elbienique.cl\/web\/index.php\/wp-json\/wp\/v2\/pages\/10\/revisions\/806"}],"wp:attachment":[{"href":"https:\/\/elbienique.cl\/web\/index.php\/wp-json\/wp\/v2\/media?parent=10"}],"curies":[{"name":"wp","href":"https:\/\/api.w.org\/{rel}","templated":true}]}}