{"id":208,"date":"2024-04-13T17:37:44","date_gmt":"2024-04-13T17:37:44","guid":{"rendered":"https:\/\/elbienique.cl\/web\/?page_id=208"},"modified":"2026-02-27T20:08:29","modified_gmt":"2026-02-27T23:08:29","slug":"social","status":"publish","type":"page","link":"https:\/\/elbienique.cl\/web\/index.php\/social\/","title":{"rendered":"Social"},"content":{"rendered":"<p>[et_pb_section fb_built=\u00bb1&#8243; admin_label=\u00bbHeader\u00bb _builder_version=\u00bb4.22.0&#8243; _module_preset=\u00bbdefault\u00bb background_color=\u00bbgcid-610d28dd-eb23-4fae-b502-62f0b357c8fd\u00bb da_disable_devices=\u00bboff|off|off\u00bb locked=\u00bboff\u00bb collapsed=\u00bbon\u00bb global_colors_info=\u00bb{%22gcid-610d28dd-eb23-4fae-b502-62f0b357c8fd%22:%91%22background_color%22%93}\u00bb da_is_popup=\u00bboff\u00bb da_exit_intent=\u00bboff\u00bb da_has_close=\u00bbon\u00bb da_alt_close=\u00bboff\u00bb da_dark_close=\u00bboff\u00bb da_not_modal=\u00bbon\u00bb da_is_singular=\u00bboff\u00bb da_with_loader=\u00bboff\u00bb da_has_shadow=\u00bbon\u00bb][et_pb_row column_structure=\u00bb2_3,1_3&#8243; _builder_version=\u00bb4.24.2&#8243; _module_preset=\u00bbdefault\u00bb max_width=\u00bb1280px\u00bb global_colors_info=\u00bb{}\u00bb][et_pb_column type=\u00bb2_3&#8243; _builder_version=\u00bb4.22.0&#8243; _module_preset=\u00bbdefault\u00bb global_colors_info=\u00bb{}\u00bb][et_pb_text _builder_version=\u00bb4.21.0&#8243; _module_preset=\u00bb6e00e872-765f-45aa-b364-a05f0b9263b6&#8243; header_font_size=\u00bb72px\u00bb custom_margin=\u00bb||10px||false|false\u00bb global_colors_info=\u00bb{}\u00bb]<\/p>\n<h1>Social<\/h1>\n<p>[\/et_pb_text][et_pb_image src=\u00bbhttps:\/\/elbienique.cl\/web\/wp-content\/uploads\/2026\/02\/collage-propuesto-2-scaled.jpg\u00bb title_text=\u00bbcollage propuesto 2&#8243; _builder_version=\u00bb4.21.0&#8243; _module_preset=\u00bbdefault\u00bb global_colors_info=\u00bb{}\u00bb][\/et_pb_image][et_pb_text _builder_version=\u00bb4.21.0&#8243; _module_preset=\u00bb5806b3dd-3e7b-4621-9411-47882f5477fc\u00bb global_colors_info=\u00bb{}\u00bb]<\/p>\n<p>Nuestro equipo, conformado por dos Asistentes Sociales y un Psic\u00f3logo, est\u00e1 comprometido con brindar un espacio de contenci\u00f3n y apoyo donde cada miembro de la familia naval se sienta acompa\u00f1ado y valorado. A trav\u00e9s de programas y servicios de apoyo psicosocial, promovemos el desarrollo personal, la resiliencia y la integraci\u00f3n comunitaria, desde el acompa\u00f1amiento en situaciones dif\u00edciles hasta la organizaci\u00f3n de actividades recreativas y preventivas<\/p>\n<p>[\/et_pb_text][et_pb_gallery gallery_ids=\u00bb711,712,713,714,715,716,717,718,719,720,721&#8243; show_title_and_caption=\u00bboff\u00bb _builder_version=\u00bb4.21.0&#8243; _module_preset=\u00bbdefault\u00bb global_colors_info=\u00bb{}\u00bb][\/et_pb_gallery][et_pb_image src=\u00bbhttps:\/\/elbienique.cl\/web\/wp-content\/uploads\/2025\/12\/banner_direbien.png\u00bb title_text=\u00bbbanner_direbien\u00bb url=\u00bbhttps:\/\/elbienique.cl\/web\/wp-content\/uploads\/2025\/12\/BIENIQUE-GUIA-DE-ORIENTACION.pdf\u00bb url_new_window=\u00bbon\u00bb _builder_version=\u00bb4.21.0&#8243; _module_preset=\u00bbdefault\u00bb global_colors_info=\u00bb{}\u00bb][\/et_pb_image][et_pb_text _builder_version=\u00bb4.21.0&#8243; _module_preset=\u00bbdefault\u00bb global_colors_info=\u00bb{}\u00bb]<\/p>\n<p><a href=\"https:\/\/elbienique.cl\/web\/wp-content\/uploads\/2024\/10\/Apoyo-Familias-TEA.pdf\"><img loading=\"lazy\" decoding=\"async\" data-src=\"https:\/\/elbienique.cl\/web\/wp-content\/uploads\/2024\/10\/Espectro-TEA-138x300.png\" width=\"138\" height=\"300\" alt=\"\" class=\"wp-image-544 alignnone size-medium lazyload\" data-srcset=\"https:\/\/elbienique.cl\/web\/wp-content\/uploads\/2024\/10\/Espectro-TEA-138x300.png 138w, https:\/\/elbienique.cl\/web\/wp-content\/uploads\/2024\/10\/Espectro-TEA.png 269w\" data-sizes=\"auto, (max-width: 138px) 100vw, 138px\" src=\"data:image\/gif;base64,R0lGODlhAQABAAAAACH5BAEKAAEALAAAAAABAAEAAAICTAEAOw==\" style=\"--smush-placeholder-width: 138px; --smush-placeholder-aspect-ratio: 138\/300;\" \/><noscript><img loading=\"lazy\" decoding=\"async\" src=\"https:\/\/elbienique.cl\/web\/wp-content\/uploads\/2024\/10\/Espectro-TEA-138x300.png\" width=\"138\" height=\"300\" alt=\"\" class=\"wp-image-544 alignnone size-medium\" srcset=\"https:\/\/elbienique.cl\/web\/wp-content\/uploads\/2024\/10\/Espectro-TEA-138x300.png 138w, https:\/\/elbienique.cl\/web\/wp-content\/uploads\/2024\/10\/Espectro-TEA.png 269w\" sizes=\"auto, (max-width: 138px) 100vw, 138px\" \/><\/noscript><\/a>\u00a0 \u00a0<a href=\"https:\/\/elbienique.cl\/web\/wp-content\/uploads\/2024\/10\/Convivencia.pdf\"><img loading=\"lazy\" decoding=\"async\" data-src=\"https:\/\/elbienique.cl\/web\/wp-content\/uploads\/2024\/10\/Consejos-Buena-Convivencia-137x300.png\" width=\"137\" height=\"300\" alt=\"\" class=\"wp-image-545 alignnone size-medium lazyload\" data-srcset=\"https:\/\/elbienique.cl\/web\/wp-content\/uploads\/2024\/10\/Consejos-Buena-Convivencia-137x300.png 137w, https:\/\/elbienique.cl\/web\/wp-content\/uploads\/2024\/10\/Consejos-Buena-Convivencia.png 271w\" data-sizes=\"auto, (max-width: 137px) 100vw, 137px\" src=\"data:image\/gif;base64,R0lGODlhAQABAAAAACH5BAEKAAEALAAAAAABAAEAAAICTAEAOw==\" style=\"--smush-placeholder-width: 137px; --smush-placeholder-aspect-ratio: 137\/300;\" \/><noscript><img loading=\"lazy\" decoding=\"async\" src=\"https:\/\/elbienique.cl\/web\/wp-content\/uploads\/2024\/10\/Consejos-Buena-Convivencia-137x300.png\" width=\"137\" height=\"300\" alt=\"\" class=\"wp-image-545 alignnone size-medium\" srcset=\"https:\/\/elbienique.cl\/web\/wp-content\/uploads\/2024\/10\/Consejos-Buena-Convivencia-137x300.png 137w, https:\/\/elbienique.cl\/web\/wp-content\/uploads\/2024\/10\/Consejos-Buena-Convivencia.png 271w\" sizes=\"auto, (max-width: 137px) 100vw, 137px\" \/><\/noscript><\/a>\u00a0 \u00a0<\/p>\n<p>[\/et_pb_text][\/et_pb_column][et_pb_column type=\u00bb1_3&#8243; _builder_version=\u00bb4.22.0&#8243; _module_preset=\u00bbdefault\u00bb background_color=\u00bb#FFFFFF\u00bb custom_padding=\u00bb30px|30px|30px|30px|true|true\u00bb custom_padding_tablet=\u00bb30px|30px|30px|30px|true|true\u00bb custom_padding_phone=\u00bb20px|20px|20px|20px|true|true\u00bb custom_padding_last_edited=\u00bbon|phone\u00bb border_radii=\u00bbon|10px|10px|10px|10px\u00bb box_shadow_style=\u00bbpreset4&#8243; box_shadow_horizontal=\u00bb0px\u00bb box_shadow_vertical=\u00bb60px\u00bb box_shadow_blur=\u00bb90px\u00bb box_shadow_color=\u00bbrgba(0,0,0,0.08)\u00bb global_colors_info=\u00bb{}\u00bb][et_pb_text _builder_version=\u00bb4.21.0&#8243; _module_preset=\u00bb5d101582-6382-4661-bdea-d17a6db40859&#8243; custom_margin=\u00bb||20px||false|false\u00bb global_colors_info=\u00bb{}\u00bb]<\/p>\n<h3>Personal encargado<\/h3>\n<p>[\/et_pb_text][et_pb_text _builder_version=\u00bb4.21.0&#8243; _module_preset=\u00bbaf00eb7c-921c-4265-b8e2-93f857cf34b4&#8243; custom_margin=\u00bb||0px||false|false\u00bb global_colors_info=\u00bb{}\u00bb]<\/p>\n<h4>Jefe asistencia social<\/h4>\n<p>[\/et_pb_text][et_pb_text _builder_version=\u00bb4.21.0&#8243; _module_preset=\u00bb49dd5432-b997-43a9-8e25-808ab378e45d\u00bb global_colors_info=\u00bb{}\u00bb]<\/p>\n<ul>\n<li><img loading=\"lazy\" decoding=\"async\" data-src=\"https:\/\/elbienique.cl\/web\/wp-content\/uploads\/2024\/04\/usuario-2-300x300.png\" width=\"15\" height=\"15\" alt=\"\" class=\"wp-image-117 alignnone size-medium lazyload\" src=\"data:image\/gif;base64,R0lGODlhAQABAAAAACH5BAEKAAEALAAAAAABAAEAAAICTAEAOw==\" style=\"--smush-placeholder-width: 15px; --smush-placeholder-aspect-ratio: 15\/15;\" \/><noscript><img loading=\"lazy\" decoding=\"async\" data-src=\"https:\/\/elbienique.cl\/web\/wp-content\/uploads\/2024\/04\/usuario-2-300x300.png\" width=\"15\" height=\"15\" alt=\"\" class=\"wp-image-117 alignnone size-medium lazyload\" src=\"data:image\/gif;base64,R0lGODlhAQABAAAAACH5BAEKAAEALAAAAAABAAEAAAICTAEAOw==\" style=\"--smush-placeholder-width: 15px; --smush-placeholder-aspect-ratio: 15\/15;\" \/><noscript><img loading=\"lazy\" decoding=\"async\" data-src=\"https:\/\/elbienique.cl\/web\/wp-content\/uploads\/2024\/04\/usuario-2-300x300.png\" width=\"15\" height=\"15\" alt=\"\" class=\"wp-image-117 alignnone size-medium lazyload\" src=\"data:image\/gif;base64,R0lGODlhAQABAAAAACH5BAEKAAEALAAAAAABAAEAAAICTAEAOw==\" style=\"--smush-placeholder-width: 15px; --smush-placeholder-aspect-ratio: 15\/15;\" \/><noscript><img loading=\"lazy\" decoding=\"async\" src=\"https:\/\/elbienique.cl\/web\/wp-content\/uploads\/2024\/04\/usuario-2-300x300.png\" width=\"15\" height=\"15\" alt=\"\" class=\"wp-image-117 alignnone size-medium\" \/><\/noscript><\/noscript><\/noscript> EE.CC. Alejandra Gallegos<\/li>\n<li><a href=\"mailto:malcaide@armada.cl\"><img loading=\"lazy\" decoding=\"async\" data-src=\"https:\/\/elbienique.cl\/web\/wp-content\/uploads\/2024\/04\/email-300x300.png\" width=\"15\" height=\"15\" alt=\"\" class=\"wp-image-118 alignnone size-medium lazyload\" src=\"data:image\/gif;base64,R0lGODlhAQABAAAAACH5BAEKAAEALAAAAAABAAEAAAICTAEAOw==\" style=\"--smush-placeholder-width: 15px; --smush-placeholder-aspect-ratio: 15\/15;\" \/><noscript><img loading=\"lazy\" decoding=\"async\" data-src=\"https:\/\/elbienique.cl\/web\/wp-content\/uploads\/2024\/04\/email-300x300.png\" width=\"15\" height=\"15\" alt=\"\" class=\"wp-image-118 alignnone size-medium lazyload\" src=\"data:image\/gif;base64,R0lGODlhAQABAAAAACH5BAEKAAEALAAAAAABAAEAAAICTAEAOw==\" style=\"--smush-placeholder-width: 15px; --smush-placeholder-aspect-ratio: 15\/15;\" \/><noscript><img loading=\"lazy\" decoding=\"async\" data-src=\"https:\/\/elbienique.cl\/web\/wp-content\/uploads\/2024\/04\/email-300x300.png\" width=\"15\" height=\"15\" alt=\"\" class=\"wp-image-118 alignnone size-medium lazyload\" src=\"data:image\/gif;base64,R0lGODlhAQABAAAAACH5BAEKAAEALAAAAAABAAEAAAICTAEAOw==\" style=\"--smush-placeholder-width: 15px; --smush-placeholder-aspect-ratio: 15\/15;\" \/><noscript><img loading=\"lazy\" decoding=\"async\" src=\"https:\/\/elbienique.cl\/web\/wp-content\/uploads\/2024\/04\/email-300x300.png\" width=\"15\" height=\"15\" alt=\"\" class=\"wp-image-118 alignnone size-medium\" \/><\/noscript><\/noscript><\/noscript><\/a> agallegos@armada.cl<\/li>\n<li><img loading=\"lazy\" decoding=\"async\" data-src=\"https:\/\/elbienique.cl\/web\/wp-content\/uploads\/2024\/04\/telefono-300x300.png\" width=\"15\" height=\"15\" alt=\"\" class=\"wp-image-119 alignnone size-medium lazyload\" src=\"data:image\/gif;base64,R0lGODlhAQABAAAAACH5BAEKAAEALAAAAAABAAEAAAICTAEAOw==\" style=\"--smush-placeholder-width: 15px; --smush-placeholder-aspect-ratio: 15\/15;\" \/><noscript><img loading=\"lazy\" decoding=\"async\" src=\"https:\/\/elbienique.cl\/web\/wp-content\/uploads\/2024\/04\/telefono-300x300.png\" width=\"15\" height=\"15\" alt=\"\" class=\"wp-image-119 alignnone size-medium\" \/><\/noscript> 57-2507436<\/li>\n<\/ul>\n<p>[\/et_pb_text][et_pb_text _builder_version=\u00bb4.21.0&#8243; _module_preset=\u00bbaf00eb7c-921c-4265-b8e2-93f857cf34b4&#8243; custom_margin=\u00bb||0px||false|false\u00bb global_colors_info=\u00bb{}\u00bb]<\/p>\n<h4>Asistente social<\/h4>\n<p>[\/et_pb_text][et_pb_text _builder_version=\u00bb4.21.0&#8243; _module_preset=\u00bb49dd5432-b997-43a9-8e25-808ab378e45d\u00bb global_colors_info=\u00bb{}\u00bb]<\/p>\n<ul>\n<li><img loading=\"lazy\" decoding=\"async\" data-src=\"https:\/\/elbienique.cl\/web\/wp-content\/uploads\/2024\/04\/usuario-2-300x300.png\" width=\"15\" height=\"15\" alt=\"\" class=\"wp-image-117 alignnone size-medium lazyload\" src=\"data:image\/gif;base64,R0lGODlhAQABAAAAACH5BAEKAAEALAAAAAABAAEAAAICTAEAOw==\" style=\"--smush-placeholder-width: 15px; --smush-placeholder-aspect-ratio: 15\/15;\" \/><noscript><img loading=\"lazy\" decoding=\"async\" data-src=\"https:\/\/elbienique.cl\/web\/wp-content\/uploads\/2024\/04\/usuario-2-300x300.png\" width=\"15\" height=\"15\" alt=\"\" class=\"wp-image-117 alignnone size-medium lazyload\" src=\"data:image\/gif;base64,R0lGODlhAQABAAAAACH5BAEKAAEALAAAAAABAAEAAAICTAEAOw==\" style=\"--smush-placeholder-width: 15px; --smush-placeholder-aspect-ratio: 15\/15;\" \/><noscript><img loading=\"lazy\" decoding=\"async\" data-src=\"https:\/\/elbienique.cl\/web\/wp-content\/uploads\/2024\/04\/usuario-2-300x300.png\" width=\"15\" height=\"15\" alt=\"\" class=\"wp-image-117 alignnone size-medium lazyload\" src=\"data:image\/gif;base64,R0lGODlhAQABAAAAACH5BAEKAAEALAAAAAABAAEAAAICTAEAOw==\" style=\"--smush-placeholder-width: 15px; --smush-placeholder-aspect-ratio: 15\/15;\" \/><noscript><img loading=\"lazy\" decoding=\"async\" src=\"https:\/\/elbienique.cl\/web\/wp-content\/uploads\/2024\/04\/usuario-2-300x300.png\" width=\"15\" height=\"15\" alt=\"\" class=\"wp-image-117 alignnone size-medium\" \/><\/noscript><\/noscript><\/noscript> PAC. Andrea O\u00b4Ryan<\/li>\n<li><a href=\"mailto:malcaide@armada.cl\"><img loading=\"lazy\" decoding=\"async\" data-src=\"https:\/\/elbienique.cl\/web\/wp-content\/uploads\/2024\/04\/email-300x300.png\" width=\"15\" height=\"15\" alt=\"\" class=\"wp-image-118 alignnone size-medium lazyload\" src=\"data:image\/gif;base64,R0lGODlhAQABAAAAACH5BAEKAAEALAAAAAABAAEAAAICTAEAOw==\" style=\"--smush-placeholder-width: 15px; --smush-placeholder-aspect-ratio: 15\/15;\" \/><noscript><img loading=\"lazy\" decoding=\"async\" data-src=\"https:\/\/elbienique.cl\/web\/wp-content\/uploads\/2024\/04\/email-300x300.png\" width=\"15\" height=\"15\" alt=\"\" class=\"wp-image-118 alignnone size-medium lazyload\" src=\"data:image\/gif;base64,R0lGODlhAQABAAAAACH5BAEKAAEALAAAAAABAAEAAAICTAEAOw==\" style=\"--smush-placeholder-width: 15px; --smush-placeholder-aspect-ratio: 15\/15;\" \/><noscript><img loading=\"lazy\" decoding=\"async\" data-src=\"https:\/\/elbienique.cl\/web\/wp-content\/uploads\/2024\/04\/email-300x300.png\" width=\"15\" height=\"15\" alt=\"\" class=\"wp-image-118 alignnone size-medium lazyload\" src=\"data:image\/gif;base64,R0lGODlhAQABAAAAACH5BAEKAAEALAAAAAABAAEAAAICTAEAOw==\" style=\"--smush-placeholder-width: 15px; --smush-placeholder-aspect-ratio: 15\/15;\" \/><noscript><img loading=\"lazy\" decoding=\"async\" src=\"https:\/\/elbienique.cl\/web\/wp-content\/uploads\/2024\/04\/email-300x300.png\" width=\"15\" height=\"15\" alt=\"\" class=\"wp-image-118 alignnone size-medium\" \/><\/noscript><\/noscript><\/noscript><\/a> aoryan@armada.cl<\/li>\n<\/ul>\n<p>[\/et_pb_text][et_pb_text _builder_version=\u00bb4.21.0&#8243; _module_preset=\u00bbaf00eb7c-921c-4265-b8e2-93f857cf34b4&#8243; custom_margin=\u00bb||0px||false|false\u00bb global_colors_info=\u00bb{}\u00bb]<\/p>\n<h4>Psic\u00f3logo<\/h4>\n<p>[\/et_pb_text][et_pb_text _builder_version=\u00bb4.21.0&#8243; _module_preset=\u00bb49dd5432-b997-43a9-8e25-808ab378e45d\u00bb global_colors_info=\u00bb{}\u00bb]<\/p>\n<ul>\n<li><img loading=\"lazy\" decoding=\"async\" data-src=\"https:\/\/elbienique.cl\/web\/wp-content\/uploads\/2024\/04\/usuario-2-300x300.png\" width=\"15\" height=\"15\" alt=\"\" class=\"wp-image-117 alignnone size-medium lazyload\" src=\"data:image\/gif;base64,R0lGODlhAQABAAAAACH5BAEKAAEALAAAAAABAAEAAAICTAEAOw==\" style=\"--smush-placeholder-width: 15px; --smush-placeholder-aspect-ratio: 15\/15;\" \/><noscript><img loading=\"lazy\" decoding=\"async\" data-src=\"https:\/\/elbienique.cl\/web\/wp-content\/uploads\/2024\/04\/usuario-2-300x300.png\" width=\"15\" height=\"15\" alt=\"\" class=\"wp-image-117 alignnone size-medium lazyload\" src=\"data:image\/gif;base64,R0lGODlhAQABAAAAACH5BAEKAAEALAAAAAABAAEAAAICTAEAOw==\" style=\"--smush-placeholder-width: 15px; --smush-placeholder-aspect-ratio: 15\/15;\" \/><noscript><img loading=\"lazy\" decoding=\"async\" data-src=\"https:\/\/elbienique.cl\/web\/wp-content\/uploads\/2024\/04\/usuario-2-300x300.png\" width=\"15\" height=\"15\" alt=\"\" class=\"wp-image-117 alignnone size-medium lazyload\" src=\"data:image\/gif;base64,R0lGODlhAQABAAAAACH5BAEKAAEALAAAAAABAAEAAAICTAEAOw==\" style=\"--smush-placeholder-width: 15px; --smush-placeholder-aspect-ratio: 15\/15;\" \/><noscript><img loading=\"lazy\" decoding=\"async\" src=\"https:\/\/elbienique.cl\/web\/wp-content\/uploads\/2024\/04\/usuario-2-300x300.png\" width=\"15\" height=\"15\" alt=\"\" class=\"wp-image-117 alignnone size-medium\" \/><\/noscript><\/noscript><\/noscript> PAC. Felipe Osorio<\/li>\n<li><a href=\"mailto:malcaide@armada.cl\"><img loading=\"lazy\" decoding=\"async\" data-src=\"https:\/\/elbienique.cl\/web\/wp-content\/uploads\/2024\/04\/email-300x300.png\" width=\"15\" height=\"15\" alt=\"\" class=\"wp-image-118 alignnone size-medium lazyload\" src=\"data:image\/gif;base64,R0lGODlhAQABAAAAACH5BAEKAAEALAAAAAABAAEAAAICTAEAOw==\" style=\"--smush-placeholder-width: 15px; --smush-placeholder-aspect-ratio: 15\/15;\" \/><noscript><img loading=\"lazy\" decoding=\"async\" data-src=\"https:\/\/elbienique.cl\/web\/wp-content\/uploads\/2024\/04\/email-300x300.png\" width=\"15\" height=\"15\" alt=\"\" class=\"wp-image-118 alignnone size-medium lazyload\" src=\"data:image\/gif;base64,R0lGODlhAQABAAAAACH5BAEKAAEALAAAAAABAAEAAAICTAEAOw==\" style=\"--smush-placeholder-width: 15px; --smush-placeholder-aspect-ratio: 15\/15;\" \/><noscript><img loading=\"lazy\" decoding=\"async\" data-src=\"https:\/\/elbienique.cl\/web\/wp-content\/uploads\/2024\/04\/email-300x300.png\" width=\"15\" height=\"15\" alt=\"\" class=\"wp-image-118 alignnone size-medium lazyload\" src=\"data:image\/gif;base64,R0lGODlhAQABAAAAACH5BAEKAAEALAAAAAABAAEAAAICTAEAOw==\" style=\"--smush-placeholder-width: 15px; --smush-placeholder-aspect-ratio: 15\/15;\" \/><noscript><img loading=\"lazy\" decoding=\"async\" src=\"https:\/\/elbienique.cl\/web\/wp-content\/uploads\/2024\/04\/email-300x300.png\" width=\"15\" height=\"15\" alt=\"\" class=\"wp-image-118 alignnone size-medium\" \/><\/noscript><\/noscript><\/noscript><\/a> losoriog@armada.cl<\/li>\n<\/ul>\n<p>[\/et_pb_text][et_pb_text _builder_version=\u00bb4.21.0&#8243; _module_preset=\u00bb5d101582-6382-4661-bdea-d17a6db40859&#8243; custom_margin=\u00bb||10px||false|false\u00bb locked=\u00bboff\u00bb global_colors_info=\u00bb{}\u00bb]<\/p>\n<h3>En pocas palabras<\/h3>\n<p>[\/et_pb_text][et_pb_blurb title=\u00bbApoyo\u00bb use_icon=\u00bbon\u00bb font_icon=\u00bb&#xf4c4;||fa||900&#8243; _builder_version=\u00bb4.21.0&#8243; _module_preset=\u00bb68586cde-d8f4-40bc-873d-46c3ce254574&#8243; locked=\u00bboff\u00bb global_colors_info=\u00bb{}\u00bb][\/et_pb_blurb][et_pb_blurb title=\u00bbComunidad\u00bb use_icon=\u00bbon\u00bb font_icon=\u00bb&#xf0c0;||fa||900&#8243; _builder_version=\u00bb4.21.0&#8243; _module_preset=\u00bb68586cde-d8f4-40bc-873d-46c3ce254574&#8243; locked=\u00bboff\u00bb global_colors_info=\u00bb{}\u00bb][\/et_pb_blurb][et_pb_blurb title=\u00bbIntegral\u00bb use_icon=\u00bbon\u00bb font_icon=\u00bb&#xe068;||fa||900&#8243; _builder_version=\u00bb4.21.0&#8243; _module_preset=\u00bb68586cde-d8f4-40bc-873d-46c3ce254574&#8243; max_width=\u00bb1280px\u00bb locked=\u00bboff\u00bb global_colors_info=\u00bb{}\u00bb][\/et_pb_blurb][\/et_pb_column][\/et_pb_row][et_pb_row _builder_version=\u00bb4.21.0&#8243; _module_preset=\u00bbdefault\u00bb global_colors_info=\u00bb{}\u00bb][et_pb_column type=\u00bb4_4&#8243; _builder_version=\u00bb4.21.0&#8243; _module_preset=\u00bbdefault\u00bb global_colors_info=\u00bb{}\u00bb][et_pb_toggle title=\u00bbLinks de interes\u00bb _builder_version=\u00bb4.21.0&#8243; _module_preset=\u00bbdefault\u00bb global_colors_info=\u00bb{}\u00bb]<\/p>\n<p><span style=\"color: #0563c1;\"><u><a href=\"https:\/\/www.bienestararmada.cl\/prontus_bienestar\/site\/artic\/20101216\/pags\/20101216084954.html\"><span lang=\"es-ES\">https:\/\/www.bienestararmada.cl\/prontus_bienestar\/site\/artic\/20101216\/pags\/20101216084954.html<\/span><\/a><\/u><\/span><\/p>\n<p><span style=\"color: #0563c1;\"><u><a href=\"https:\/\/www.fundacionblancaestela.cl\/\"><span lang=\"es-ES\">https:\/\/www.fundacionblancaestela.cl<\/span><\/a><\/u><\/span><\/p>\n<p><span style=\"color: #0563c1;\"><u><a href=\"https:\/\/www.capredena.gob.cl\/\"><span style=\"font-family: Arial, sans-serif;\">https:\/\/www.capredena.gob.cl\/<\/span><\/a><\/u><\/span><\/p>\n<p><a href=\"https:\/\/www.cajalosandes.cl\">https:\/\/www.cajalosandes.cl\/<\/a><\/p>\n<p><span style=\"color: #0563c1;\"><u><a href=\"https:\/\/www.mutualdeseguros.cl\/\"><span style=\"font-family: Arial, sans-serif;\"><span style=\"font-size: small;\">https:\/\/www.mutualdeseguros.cl<\/span><\/span><\/a><\/u><\/span><\/p>\n<p><a href=\"https:\/\/www.crececontigo.gob.cl\"><span style=\"color: #1f1f1f;\"><span style=\"font-family: Arial, sans-serif;\">https:\/\/www.crececontigo.gob.cl<\/span><\/span><\/a><\/p>\n<p><span style=\"color: #0563c1;\"><u><a href=\"https:\/\/www.chileatiende.gob.cl\/\"><span style=\"font-family: Arial, sans-serif;\"><span style=\"font-size: small;\">https:\/\/www.chileatiende.gob.cl<\/span><\/span><\/a><\/u><\/span><\/p>\n<p><a href=\"https:\/\/www.instagram.com\/afaneacorporacion\/\"><span lang=\"es-ES\">Afanea Corporaci\u00f3n (@afaneacorporacion)<\/span><\/a><\/p>\n<p><a href=\"https:\/\/www.instagram.com\/fundacionteamas\"><span lang=\"es-ES\">TEA MAS (@fundacionteamas)<\/span><\/a><\/p>\n<p>[\/et_pb_toggle][\/et_pb_column][\/et_pb_row][\/et_pb_section][et_pb_section fb_built=\u00bb1&#8243; admin_label=\u00bbCourse Chapters\u00bb _builder_version=\u00bb4.22.0&#8243; _module_preset=\u00bbdefault\u00bb custom_padding=\u00bb||120px|||\u00bb da_disable_devices=\u00bboff|off|off\u00bb collapsed=\u00bbon\u00bb global_colors_info=\u00bb{}\u00bb da_is_popup=\u00bboff\u00bb da_exit_intent=\u00bboff\u00bb da_has_close=\u00bbon\u00bb da_alt_close=\u00bboff\u00bb da_dark_close=\u00bboff\u00bb da_not_modal=\u00bbon\u00bb da_is_singular=\u00bboff\u00bb da_with_loader=\u00bboff\u00bb da_has_shadow=\u00bbon\u00bb][et_pb_row _builder_version=\u00bb4.22.0&#8243; _module_preset=\u00bbdefault\u00bb max_width=\u00bb1280px\u00bb global_colors_info=\u00bb{}\u00bb][et_pb_column type=\u00bb4_4&#8243; _builder_version=\u00bb4.22.0&#8243; _module_preset=\u00bbdefault\u00bb global_colors_info=\u00bb{}\u00bb][et_pb_text _builder_version=\u00bb4.21.0&#8243; _module_preset=\u00bb5d101582-6382-4661-bdea-d17a6db40859&#8243; custom_margin=\u00bb||10px||false|false\u00bb locked=\u00bboff\u00bb global_colors_info=\u00bb{}\u00bb]<\/p>\n<h3>Preguntas frecuentes<\/h3>\n<p>[\/et_pb_text][et_pb_accordion _builder_version=\u00bb4.21.0&#8243; _module_preset=\u00bbac869ae3-7701-478a-905b-8a20a033a142&#8243; locked=\u00bboff\u00bb][et_pb_accordion_item title=\u00bb\u00bfQu\u00e9 tipo de actividades sociales ofrece la Armada de Iquique?\u00bb open=\u00bbon\u00bb _builder_version=\u00bb4.21.0&#8243; _module_preset=\u00bbdefault\u00bb global_colors_info=\u00bb{}\u00bb]<\/p>\n<p>La Armada de Iquique ofrece una variedad de actividades sociales que incluyen eventos comunitarios, celebraciones c\u00edvicas, y programas de apoyo a la comunidad.<\/p>\n<p>[\/et_pb_accordion_item][et_pb_accordion_item title=\u00bb\u00bfC\u00f3mo puedo participar en las actividades sociales organizadas por la Armada de Iquique?\u00bb _builder_version=\u00bb4.21.0&#8243; _module_preset=\u00bbdefault\u00bb global_colors_info=\u00bb{}\u00bb open=\u00bboff\u00bb]<\/p>\n<p>Puedes participar inscribi\u00e9ndote en las actividades anunciadas en nuestros canales de comunicaci\u00f3n, como redes sociales o carteles informativos en nuestras instalaciones.<\/p>\n<p>[\/et_pb_accordion_item][et_pb_accordion_item title=\u00bb\u00bfLa Armada de Iquique brinda apoyo social a familias en situaci\u00f3n de vulnerabilidad?\u00bb _builder_version=\u00bb4.21.0&#8243; _module_preset=\u00bbdefault\u00bb global_colors_info=\u00bb{}\u00bb open=\u00bboff\u00bb]<\/p>\n<p>S\u00ed, a trav\u00e9s de programas de asistencia social y colaboraci\u00f3n con organizaciones ben\u00e9ficas, la Armada de Iquique proporciona apoyo a las familias que lo necesitan en la comunidad.<\/p>\n<p>[\/et_pb_accordion_item][et_pb_accordion_item title=\u00bb\u00bfHay alg\u00fan requisito para acceder a los servicios sociales ofrecidos por la Armada de Iquique?\u00bb _builder_version=\u00bb4.21.0&#8243; _module_preset=\u00bbdefault\u00bb global_colors_info=\u00bb{}\u00bb open=\u00bboff\u00bb]<\/p>\n<p>En general, nuestros servicios sociales est\u00e1n disponibles para todos los miembros de la comunidad y no requieren requisitos espec\u00edficos m\u00e1s all\u00e1 de la inscripci\u00f3n o participaci\u00f3n voluntaria.<\/p>\n<p>[\/et_pb_accordion_item][\/et_pb_accordion][\/et_pb_column][\/et_pb_row][\/et_pb_section]<\/p>\n","protected":false},"excerpt":{"rendered":"<p>SocialNuestro equipo, conformado por dos Asistentes Sociales y un Psic\u00f3logo, est\u00e1 comprometido con brindar un espacio de contenci\u00f3n y apoyo donde cada miembro de la familia naval se sienta acompa\u00f1ado y valorado. A trav\u00e9s de programas y servicios de apoyo psicosocial, promovemos el desarrollo personal, la resiliencia y la integraci\u00f3n comunitaria, desde el acompa\u00f1amiento en [&hellip;]<\/p>\n","protected":false},"author":1,"featured_media":0,"parent":0,"menu_order":0,"comment_status":"closed","ping_status":"closed","template":"","meta":{"_et_pb_use_builder":"on","_et_pb_old_content":"","_et_gb_content_width":"","footnotes":""},"class_list":["post-208","page","type-page","status-publish","hentry"],"_links":{"self":[{"href":"https:\/\/elbienique.cl\/web\/index.php\/wp-json\/wp\/v2\/pages\/208","targetHints":{"allow":["GET"]}}],"collection":[{"href":"https:\/\/elbienique.cl\/web\/index.php\/wp-json\/wp\/v2\/pages"}],"about":[{"href":"https:\/\/elbienique.cl\/web\/index.php\/wp-json\/wp\/v2\/types\/page"}],"author":[{"embeddable":true,"href":"https:\/\/elbienique.cl\/web\/index.php\/wp-json\/wp\/v2\/users\/1"}],"replies":[{"embeddable":true,"href":"https:\/\/elbienique.cl\/web\/index.php\/wp-json\/wp\/v2\/comments?post=208"}],"version-history":[{"count":18,"href":"https:\/\/elbienique.cl\/web\/index.php\/wp-json\/wp\/v2\/pages\/208\/revisions"}],"predecessor-version":[{"id":726,"href":"https:\/\/elbienique.cl\/web\/index.php\/wp-json\/wp\/v2\/pages\/208\/revisions\/726"}],"wp:attachment":[{"href":"https:\/\/elbienique.cl\/web\/index.php\/wp-json\/wp\/v2\/media?parent=208"}],"curies":[{"name":"wp","href":"https:\/\/api.w.org\/{rel}","templated":true}]}}