{"id":222,"date":"2024-04-13T18:42:18","date_gmt":"2024-04-13T18:42:18","guid":{"rendered":"https:\/\/elbienique.cl\/web\/?page_id=222"},"modified":"2026-04-14T10:31:09","modified_gmt":"2026-04-14T14:31:09","slug":"juridica","status":"publish","type":"page","link":"https:\/\/elbienique.cl\/web\/index.php\/juridica\/","title":{"rendered":"Jur\u00eddica"},"content":{"rendered":"<p>[et_pb_section fb_built=\u00bb1&#8243; admin_label=\u00bbHeader\u00bb _builder_version=\u00bb4.22.0&#8243; _module_preset=\u00bbdefault\u00bb background_color=\u00bbgcid-610d28dd-eb23-4fae-b502-62f0b357c8fd\u00bb da_disable_devices=\u00bboff|off|off\u00bb locked=\u00bboff\u00bb collapsed=\u00bbon\u00bb global_colors_info=\u00bb{%22gcid-610d28dd-eb23-4fae-b502-62f0b357c8fd%22:%91%22background_color%22%93}\u00bb da_is_popup=\u00bboff\u00bb da_exit_intent=\u00bboff\u00bb da_has_close=\u00bbon\u00bb da_alt_close=\u00bboff\u00bb da_dark_close=\u00bboff\u00bb da_not_modal=\u00bbon\u00bb da_is_singular=\u00bboff\u00bb da_with_loader=\u00bboff\u00bb da_has_shadow=\u00bbon\u00bb][et_pb_row column_structure=\u00bb2_3,1_3&#8243; _builder_version=\u00bb4.24.2&#8243; _module_preset=\u00bbdefault\u00bb max_width=\u00bb1280px\u00bb global_colors_info=\u00bb{}\u00bb][et_pb_column type=\u00bb2_3&#8243; _builder_version=\u00bb4.22.0&#8243; _module_preset=\u00bbdefault\u00bb global_colors_info=\u00bb{}\u00bb][et_pb_text _builder_version=\u00bb4.21.0&#8243; _module_preset=\u00bb6e00e872-765f-45aa-b364-a05f0b9263b6&#8243; header_font_size=\u00bb72px\u00bb custom_margin=\u00bb||10px||false|false\u00bb global_colors_info=\u00bb{}\u00bb]<\/p>\n<h1>Jur\u00eddica<\/h1>\n<p>[\/et_pb_text][et_pb_text _builder_version=\u00bb4.21.0&#8243; _module_preset=\u00bb5806b3dd-3e7b-4621-9411-47882f5477fc\u00bb global_colors_info=\u00bb{}\u00bb]<\/p>\n<div>La Asistencia Jur\u00eddica del Departamento de Bienestar Social de la Armada en Iquique es un servicio institucional orientado a entregar apoyo legal especializado a los servidores de la Armada y a su grupo familiar directo, acompa\u00f1\u00e1ndolos en situaciones que pueden generar preocupaci\u00f3n, incertidumbre o impacto en su vida personal, cuyo prop\u00f3sito es facilitar el acceso a asesor\u00eda jur\u00eddica confiable, clara y oportuna, permitiendo que cada beneficiario comprenda su situaci\u00f3n legal, conozca sus alternativas y cuente con respaldo profesional para enfrentar procesos judiciales cuando corresponda.\u00a0<\/div>\n<div><span> En el ejercicio de esta labor se han abordado diversas materias, tales como causas sobre Alimentos Menores, Relaci\u00f3n Directa y Regular (Visitas), Cuidado Personal, Vulneraci\u00f3n de derechos de ni\u00f1os, ni\u00f1as y adolescentes, Cambios de Nombre, Prescripciones Extintivas, Revisi\u00f3n de Contratos, Infracciones a la Ley de Tr\u00e1nsito y otras gestiones judiciales y extrajudiciales que requieren an\u00e1lisis t\u00e9cnico. El servicio se presta con estricta confidencialidad, respeto por la privacidad del usuario y sujeci\u00f3n a la normativa institucional.<\/span><\/div>\n<p>[\/et_pb_text][et_pb_image src=\u00bbhttps:\/\/elbienique.cl\/web\/wp-content\/uploads\/2026\/04\/para-pagina-web.jpg\u00bb title_text=\u00bbpara pagina web\u00bb _builder_version=\u00bb4.21.0&#8243; _module_preset=\u00bbdefault\u00bb hover_enabled=\u00bb0&#8243; global_colors_info=\u00bb{}\u00bb sticky_enabled=\u00bb0&#8243;][\/et_pb_image][\/et_pb_column][et_pb_column type=\u00bb1_3&#8243; _builder_version=\u00bb4.22.0&#8243; _module_preset=\u00bbdefault\u00bb background_color=\u00bb#FFFFFF\u00bb custom_padding=\u00bb30px|30px|30px|30px|true|true\u00bb custom_padding_tablet=\u00bb30px|30px|30px|30px|true|true\u00bb custom_padding_phone=\u00bb20px|20px|20px|20px|true|true\u00bb custom_padding_last_edited=\u00bbon|phone\u00bb border_radii=\u00bbon|10px|10px|10px|10px\u00bb box_shadow_style=\u00bbpreset4&#8243; box_shadow_horizontal=\u00bb0px\u00bb box_shadow_vertical=\u00bb60px\u00bb box_shadow_blur=\u00bb90px\u00bb box_shadow_color=\u00bbrgba(0,0,0,0.08)\u00bb global_colors_info=\u00bb{}\u00bb][et_pb_text _builder_version=\u00bb4.21.0&#8243; _module_preset=\u00bb5d101582-6382-4661-bdea-d17a6db40859&#8243; custom_margin=\u00bb||20px||false|false\u00bb global_colors_info=\u00bb{}\u00bb]<\/p>\n<h3>Personal encargado<\/h3>\n<p>[\/et_pb_text][et_pb_text _builder_version=\u00bb4.21.0&#8243; _module_preset=\u00bbaf00eb7c-921c-4265-b8e2-93f857cf34b4&#8243; custom_margin=\u00bb||0px||false|false\u00bb global_colors_info=\u00bb{}\u00bb]<\/p>\n<h4>Abogado<\/h4>\n<p>[\/et_pb_text][et_pb_text _builder_version=\u00bb4.21.0&#8243; _module_preset=\u00bb49dd5432-b997-43a9-8e25-808ab378e45d\u00bb global_colors_info=\u00bb{}\u00bb]<\/p>\n<ul>\n<li><img loading=\"lazy\" decoding=\"async\" data-src=\"https:\/\/elbienique.cl\/web\/wp-content\/uploads\/2024\/04\/usuario-2-300x300.png\" width=\"15\" height=\"15\" alt=\"\" class=\"wp-image-117 alignnone size-medium lazyload\" src=\"data:image\/gif;base64,R0lGODlhAQABAAAAACH5BAEKAAEALAAAAAABAAEAAAICTAEAOw==\" style=\"--smush-placeholder-width: 15px; --smush-placeholder-aspect-ratio: 15\/15;\" \/><noscript><img loading=\"lazy\" decoding=\"async\" src=\"https:\/\/elbienique.cl\/web\/wp-content\/uploads\/2024\/04\/usuario-2-300x300.png\" width=\"15\" height=\"15\" alt=\"\" class=\"wp-image-117 alignnone size-medium\" \/><\/noscript> Gabriel Henriquez Olivos<\/li>\n<li><a href=\"mailto:malcaide@armada.cl\"><img loading=\"lazy\" decoding=\"async\" data-src=\"https:\/\/elbienique.cl\/web\/wp-content\/uploads\/2024\/04\/email-300x300.png\" width=\"15\" height=\"15\" alt=\"\" class=\"wp-image-118 alignnone size-medium lazyload\" src=\"data:image\/gif;base64,R0lGODlhAQABAAAAACH5BAEKAAEALAAAAAABAAEAAAICTAEAOw==\" style=\"--smush-placeholder-width: 15px; --smush-placeholder-aspect-ratio: 15\/15;\" \/><noscript><img loading=\"lazy\" decoding=\"async\" src=\"https:\/\/elbienique.cl\/web\/wp-content\/uploads\/2024\/04\/email-300x300.png\" width=\"15\" height=\"15\" alt=\"\" class=\"wp-image-118 alignnone size-medium\" \/><\/noscript><\/a> ghenriquezo@armada.cl<\/li>\n<li><img loading=\"lazy\" decoding=\"async\" data-src=\"https:\/\/elbienique.cl\/web\/wp-content\/uploads\/2024\/04\/telefono-300x300.png\" width=\"15\" height=\"15\" alt=\"\" class=\"wp-image-119 alignnone size-medium lazyload\" src=\"data:image\/gif;base64,R0lGODlhAQABAAAAACH5BAEKAAEALAAAAAABAAEAAAICTAEAOw==\" style=\"--smush-placeholder-width: 15px; --smush-placeholder-aspect-ratio: 15\/15;\" \/><noscript><img loading=\"lazy\" decoding=\"async\" src=\"https:\/\/elbienique.cl\/web\/wp-content\/uploads\/2024\/04\/telefono-300x300.png\" width=\"15\" height=\"15\" alt=\"\" class=\"wp-image-119 alignnone size-medium\" \/><\/noscript> 57-2507417<\/li>\n<\/ul>\n<p>[\/et_pb_text][et_pb_text _builder_version=\u00bb4.21.0&#8243; _module_preset=\u00bb5d101582-6382-4661-bdea-d17a6db40859&#8243; custom_margin=\u00bb||10px||false|false\u00bb locked=\u00bboff\u00bb global_colors_info=\u00bb{}\u00bb]<\/p>\n<h3>En pocas palabras<\/h3>\n<p>[\/et_pb_text][et_pb_blurb title=\u00bbApoyo\u00bb use_icon=\u00bbon\u00bb font_icon=\u00bb&#xf4c4;||fa||900&#8243; _builder_version=\u00bb4.21.0&#8243; _module_preset=\u00bb68586cde-d8f4-40bc-873d-46c3ce254574&#8243; locked=\u00bboff\u00bb global_colors_info=\u00bb{}\u00bb][\/et_pb_blurb][et_pb_blurb title=\u00bbLegal\u00bb use_icon=\u00bbon\u00bb font_icon=\u00bb&#xf24e;||fa||900&#8243; _builder_version=\u00bb4.21.0&#8243; _module_preset=\u00bb68586cde-d8f4-40bc-873d-46c3ce254574&#8243; locked=\u00bboff\u00bb global_colors_info=\u00bb{}\u00bb][\/et_pb_blurb][et_pb_blurb title=\u00bbIntegral\u00bb use_icon=\u00bbon\u00bb font_icon=\u00bb&#xe068;||fa||900&#8243; _builder_version=\u00bb4.21.0&#8243; _module_preset=\u00bb68586cde-d8f4-40bc-873d-46c3ce254574&#8243; max_width=\u00bb1280px\u00bb locked=\u00bboff\u00bb global_colors_info=\u00bb{}\u00bb][\/et_pb_blurb][\/et_pb_column][\/et_pb_row][\/et_pb_section][et_pb_section fb_built=\u00bb1&#8243; admin_label=\u00bbCourse Chapters\u00bb _builder_version=\u00bb4.22.0&#8243; _module_preset=\u00bbdefault\u00bb custom_padding=\u00bb||120px|||\u00bb da_disable_devices=\u00bboff|off|off\u00bb collapsed=\u00bbon\u00bb global_colors_info=\u00bb{}\u00bb da_is_popup=\u00bboff\u00bb da_exit_intent=\u00bboff\u00bb da_has_close=\u00bbon\u00bb da_alt_close=\u00bboff\u00bb da_dark_close=\u00bboff\u00bb da_not_modal=\u00bbon\u00bb da_is_singular=\u00bboff\u00bb da_with_loader=\u00bboff\u00bb da_has_shadow=\u00bbon\u00bb][et_pb_row _builder_version=\u00bb4.21.0&#8243; _module_preset=\u00bbdefault\u00bb global_colors_info=\u00bb{}\u00bb][et_pb_column type=\u00bb4_4&#8243; _builder_version=\u00bb4.21.0&#8243; _module_preset=\u00bbdefault\u00bb global_colors_info=\u00bb{}\u00bb][et_pb_toggle title=\u00bb\u00bfQui\u00e9nes pueden acceder al servicio?\u00bb _builder_version=\u00bb4.21.0&#8243; _module_preset=\u00bbdefault\u00bb global_colors_info=\u00bb{}\u00bb]<\/p>\n<p>Pueden solicitar atenci\u00f3n:<\/p>\n<p>&#8211; Personal de la Armada en servicio activo.\u00a0<\/p>\n<p>&#8211; C\u00f3nyuge, conviviente civil y cargas familiares acreditadas.\u00a0<\/p>\n<p>[\/et_pb_toggle][\/et_pb_column][\/et_pb_row][et_pb_row _builder_version=\u00bb4.21.0&#8243; _module_preset=\u00bbdefault\u00bb global_colors_info=\u00bb{}\u00bb][et_pb_column type=\u00bb4_4&#8243; _builder_version=\u00bb4.21.0&#8243; _module_preset=\u00bbdefault\u00bb global_colors_info=\u00bb{}\u00bb][et_pb_toggle title=\u00bb\u00bfQu\u00e9 tipo de ayuda entregamos?\u00bb _builder_version=\u00bb4.21.0&#8243; _module_preset=\u00bbdefault\u00bb global_colors_info=\u00bb{}\u00bb]<\/p>\n<p><u>Orientaci\u00f3n Jur\u00eddica<\/u><\/p>\n<p>Corresponde al an\u00e1lisis preliminar del caso, revisi\u00f3n de antecedentes, explicaci\u00f3n del marco legal aplicable y entrega de recomendaciones t\u00e9cnicas para la adecuada toma de decisiones. La orientaci\u00f3n puede solicitarse respecto de cualquier materia del Derecho y no implica la apertura de una causa judicial.<\/p>\n<p><u>Representaci\u00f3n Judicial (Patrocinio)<\/u><\/p>\n<p>Consiste en asumir formalmente la defensa o tramitaci\u00f3n de una causa ante los Tribunales de Justicia, cuando la normativa institucional lo permite y el Tribunal que conoce de la causa, se encuentra dentro de la jurisdicci\u00f3n de BIENIQUE. El patrocinio se eval\u00faa caso a caso, considerando la naturaleza del conflicto, los antecedentes aportados y las limitaciones establecidas por la normativa del Servicio de Bienestar Social.<\/p>\n<p>[\/et_pb_toggle][\/et_pb_column][\/et_pb_row][et_pb_row _builder_version=\u00bb4.21.0&#8243; _module_preset=\u00bbdefault\u00bb global_colors_info=\u00bb{}\u00bb][et_pb_column type=\u00bb4_4&#8243; _builder_version=\u00bb4.21.0&#8243; _module_preset=\u00bbdefault\u00bb global_colors_info=\u00bb{}\u00bb][et_pb_toggle title=\u00bb\u00bfCu\u00e1l es la diferencia entre orientaci\u00f3n y representaci\u00f3n?\u00bb _builder_version=\u00bb4.21.0&#8243; _module_preset=\u00bbdefault\u00bb global_colors_info=\u00bb{}\u00bb]<\/p>\n<p>La orientaci\u00f3n consiste en explicar la situaci\u00f3n legal, revisar antecedentes y entregar recomendaciones.\u00a0<\/p>\n<p>La representaci\u00f3n implica asumir formalmente la defensa o tramitaci\u00f3n de una causa ante tribunales, lo que solo procede en materias permitidas y dentro de la jurisdicci\u00f3n de Iquique.<\/p>\n<p>[\/et_pb_toggle][\/et_pb_column][\/et_pb_row][et_pb_row _builder_version=\u00bb4.21.0&#8243; _module_preset=\u00bbdefault\u00bb global_colors_info=\u00bb{}\u00bb][et_pb_column type=\u00bb4_4&#8243; _builder_version=\u00bb4.21.0&#8243; _module_preset=\u00bbdefault\u00bb global_colors_info=\u00bb{}\u00bb][et_pb_toggle title=\u00bb\u00bfEn qu\u00e9 materias podemos ayudarte?\u00bb _builder_version=\u00bb4.21.0&#8243; _module_preset=\u00bbdefault\u00bb global_colors_info=\u00bb{}\u00bb]<\/p>\n<p>La Asistencia Jur\u00eddica puede dar asesor\u00eda y representaci\u00f3n en diversas \u00e1reas del Derecho, tales como:<\/p>\n<ul>\n<li>Derecho Civil<\/li>\n<li>Derecho de Familia<\/li>\n<li>Derecho Laboral<\/li>\n<li>Derecho Penal<\/li>\n<li>Derecho Administrativo<\/li>\n<\/ul>\n<p>[\/et_pb_toggle][\/et_pb_column][\/et_pb_row][et_pb_row _builder_version=\u00bb4.21.0&#8243; _module_preset=\u00bbdefault\u00bb global_colors_info=\u00bb{}\u00bb][et_pb_column type=\u00bb4_4&#8243; _builder_version=\u00bb4.21.0&#8243; _module_preset=\u00bbdefault\u00bb global_colors_info=\u00bb{}\u00bb][et_pb_toggle title=\u00bb\u00bfPueden representarme en cualquier tipo de juicio?\u00bb _builder_version=\u00bb4.21.0&#8243; _module_preset=\u00bbdefault\u00bb global_colors_info=\u00bb{}\u00bb]<\/p>\n<p>La normativa institucional establece <strong>ciertas materias que no pueden ser patrocinadas por la Asistencia Jur\u00eddica<\/strong>. Estas se explican directamente durante la atenci\u00f3n, de manera clara y personalizada, para evitar confusiones o expectativas incorrectas.\u00a0<\/p>\n<p>Aunque no podamos asumir la representaci\u00f3n, siempre se entrega orientaci\u00f3n jur\u00eddica para que el usuario conozca sus alternativas.<\/p>\n<ul><\/ul>\n<p>[\/et_pb_toggle][et_pb_toggle title=\u00bb\u00bfAnte que Tribunales procede la representaci\u00f3n Judicial?\u00bb _builder_version=\u00bb4.21.0&#8243; _module_preset=\u00bbdefault\u00bb global_colors_info=\u00bb{}\u00bb]<\/p>\n<p>La representaci\u00f3n judicial solo puede realizarse en causas que se tramiten en la <strong>jurisdicci\u00f3n de Iquique<\/strong>.<\/p>\n<p>Si la causa corresponde a otra zona del pa\u00eds, se puede:<\/p>\n<p>&#8211; Entregar orientaci\u00f3n jur\u00eddica, y\u00a0<\/p>\n<p>&#8211; Derivar, cuando proceda, a los Departamentos de Bienestar que s\u00ed tienen jurisdicci\u00f3n sobre el tribunal correspondiente (BIENVALP, BIENTALC, BIENMAG, BIENMONTT, DELBIENSAN).<\/p>\n<p>Esto asegura que el usuario reciba apoyo en el lugar adecuado y conforme a la normativa institucional.<\/p>\n<ul><\/ul>\n<p>[\/et_pb_toggle][et_pb_toggle title=\u00bb\u00bfC\u00f3mo solicitar atenci\u00f3n?\u00bb _builder_version=\u00bb4.21.0&#8243; _module_preset=\u00bbdefault\u00bb global_colors_info=\u00bb{}\u00bb]<\/p>\n<p>Puedes contactarte directamente por los siguientes medios:<\/p>\n<p>&#8211; Tel\u00e9fono (llico): 57 250 7417 (7417)<\/p>\n<p>&#8211; Correo electr\u00f3nico: <a href=\"mailto:ghenriquezo@armada.cl\">ghenriquezo@armada.cl<\/a> \u00a0\u00a0\u00a0<\/p>\n<ul><\/ul>\n<p>[\/et_pb_toggle][et_pb_toggle title=\u00bb\u00bfPuedo solicitar atenci\u00f3n presencial?\u00bb _builder_version=\u00bb4.21.0&#8243; _module_preset=\u00bbdefault\u00bb global_colors_info=\u00bb{}\u00bb]<\/p>\n<p>S\u00ed. La atenci\u00f3n presencial est\u00e1 disponible y es recomendable cuando se requiere revisar documentos o explicar situaciones complejas.<\/p>\n<p>Puedes acudir presencialmente a la oficina ubicada en <strong>Calle Aspirante Isaza N\u00b01055, Comuna de Iquique<\/strong>. Para optimizar su tiempo, se aconseja concertar una cita. Los usuarios sin reserva ser\u00e1n atendidos seg\u00fan disponibilidad.<\/p>\n<ul><\/ul>\n<p>[\/et_pb_toggle][et_pb_toggle title=\u00bb\u00bfQui\u00e9n tendr\u00e1 acceso a la informaci\u00f3n de mi caso particular?\u00bb _builder_version=\u00bb4.21.0&#8243; _module_preset=\u00bbdefault\u00bb global_colors_info=\u00bb{}\u00bb]<\/p>\n<p>Toda consulta, antecedente o documento entregado por el usuario se maneja con estricta reserva. La informaci\u00f3n solo se utiliza para efectos de la asistencia jur\u00eddica y no se comparte con terceros sin autorizaci\u00f3n del beneficiario, salvo cuando la normativa lo exige. La confidencialidad es un principio esencial del servicio y se aplica en todas las etapas de la atenci\u00f3n.<\/p>\n<ul><\/ul>\n<p>[\/et_pb_toggle][et_pb_toggle title=\u00bb\u00bfLa asistencia jur\u00eddica tiene alg\u00fan costo?\u00bb _builder_version=\u00bb4.21.0&#8243; _module_preset=\u00bbdefault\u00bb global_colors_info=\u00bb{}\u00bb]<\/p>\n<p>No. El servicio es gratuito para los beneficiarios. Solo deben asumir gastos externos propios del proceso judicial, como notificaciones, certificados, peritajes o tr\u00e1mites ante terceros.<\/p>\n<ul><\/ul>\n<p>[\/et_pb_toggle][et_pb_toggle title=\u00bb\u00bfQu\u00e9 documentos debo llevar a la primera atenci\u00f3n?\u00bb _builder_version=\u00bb4.21.0&#8243; _module_preset=\u00bbdefault\u00bb global_colors_info=\u00bb{}\u00bb]<\/p>\n<p>Cualquier antecedente relacionado con el caso: citaciones, resoluciones, contratos, certificados, mensajes, correos o documentos relevantes.<\/p>\n<p>Tambi\u00e9n se aconseja mantener su clave \u00fanica activa, para revisi\u00f3n de antecedentes o revisiones de causas judiciales en la Oficina Judicial Virtual del Poder Judicial.<\/p>\n<ul><\/ul>\n<p>[\/et_pb_toggle][et_pb_toggle title=\u00bb\u00bfQu\u00e9 ocurre si mi causa es conocida por un Tribunal que est\u00e1 fuera de la Regi\u00f3n de Tarapaca?\u00bb _builder_version=\u00bb4.21.0&#8243; _module_preset=\u00bbdefault\u00bb global_colors_info=\u00bb{}\u00bb]<\/p>\n<p>Recibir\u00e1s orientaci\u00f3n jur\u00eddica y, si corresponde, se gestionar\u00e1 una derivaci\u00f3n a los Departamentos de Bienestar que tengan jurisdicci\u00f3n sobre ese tribunal.<\/p>\n<ul><\/ul>\n<p>[\/et_pb_toggle][\/et_pb_column][\/et_pb_row][\/et_pb_section]<\/p>\n","protected":false},"excerpt":{"rendered":"<p>Jur\u00eddicaLa Asistencia Jur\u00eddica del Departamento de Bienestar Social de la Armada en Iquique es un servicio institucional orientado a entregar apoyo legal especializado a los servidores de la Armada y a su grupo familiar directo, acompa\u00f1\u00e1ndolos en situaciones que pueden generar preocupaci\u00f3n, incertidumbre o impacto en su vida personal, cuyo prop\u00f3sito es facilitar el acceso [&hellip;]<\/p>\n","protected":false},"author":1,"featured_media":0,"parent":0,"menu_order":0,"comment_status":"closed","ping_status":"closed","template":"","meta":{"_et_pb_use_builder":"on","_et_pb_old_content":"","_et_gb_content_width":"","footnotes":""},"class_list":["post-222","page","type-page","status-publish","hentry"],"_links":{"self":[{"href":"https:\/\/elbienique.cl\/web\/index.php\/wp-json\/wp\/v2\/pages\/222","targetHints":{"allow":["GET"]}}],"collection":[{"href":"https:\/\/elbienique.cl\/web\/index.php\/wp-json\/wp\/v2\/pages"}],"about":[{"href":"https:\/\/elbienique.cl\/web\/index.php\/wp-json\/wp\/v2\/types\/page"}],"author":[{"embeddable":true,"href":"https:\/\/elbienique.cl\/web\/index.php\/wp-json\/wp\/v2\/users\/1"}],"replies":[{"embeddable":true,"href":"https:\/\/elbienique.cl\/web\/index.php\/wp-json\/wp\/v2\/comments?post=222"}],"version-history":[{"count":7,"href":"https:\/\/elbienique.cl\/web\/index.php\/wp-json\/wp\/v2\/pages\/222\/revisions"}],"predecessor-version":[{"id":829,"href":"https:\/\/elbienique.cl\/web\/index.php\/wp-json\/wp\/v2\/pages\/222\/revisions\/829"}],"wp:attachment":[{"href":"https:\/\/elbienique.cl\/web\/index.php\/wp-json\/wp\/v2\/media?parent=222"}],"curies":[{"name":"wp","href":"https:\/\/api.w.org\/{rel}","templated":true}]}}