{"id":742,"date":"2026-04-10T10:12:54","date_gmt":"2026-04-10T14:12:54","guid":{"rendered":"https:\/\/elbienique.cl\/web\/?page_id=742"},"modified":"2026-04-10T12:43:39","modified_gmt":"2026-04-10T16:43:39","slug":"angamos_tarifas","status":"publish","type":"page","link":"https:\/\/elbienique.cl\/web\/index.php\/angamos_tarifas\/","title":{"rendered":"Angamos_Info"},"content":{"rendered":"<p>[et_pb_section fb_built=\u00bb1&#8243; _builder_version=\u00bb4.21.0&#8243; _module_preset=\u00bbdefault\u00bb da_disable_devices=\u00bboff|off|off\u00bb global_colors_info=\u00bb{}\u00bb da_is_popup=\u00bboff\u00bb da_exit_intent=\u00bboff\u00bb da_has_close=\u00bbon\u00bb da_alt_close=\u00bboff\u00bb da_dark_close=\u00bboff\u00bb da_not_modal=\u00bbon\u00bb da_is_singular=\u00bboff\u00bb da_with_loader=\u00bboff\u00bb da_has_shadow=\u00bbon\u00bb][et_pb_row _builder_version=\u00bb4.21.0&#8243; _module_preset=\u00bbdefault\u00bb locked=\u00bboff\u00bb global_colors_info=\u00bb{}\u00bb][et_pb_column type=\u00bb4_4&#8243; _builder_version=\u00bb4.21.0&#8243; _module_preset=\u00bbdefault\u00bb global_colors_info=\u00bb{}\u00bb][et_pb_text _builder_version=\u00bb4.21.0&#8243; _module_preset=\u00bbdefault\u00bb global_colors_info=\u00bb{}\u00bb custom_padding=\u00bb||0px|||\u00bb]<\/p>\n<h1 style=\"text-align: center;\"><strong><span style=\"color: #008000;\">CASA DE HUESPEDES CALETA ANGAMOS 2026<\/span><\/strong><\/h1>\n<p>&nbsp;<\/p>\n<h3><span style=\"color: #008000;\"><strong>DESCRIPCI\u00d3N GENERAL<\/strong><\/span><\/h3>\n<p><span style=\"font-weight: 400;\">Emplazada en un terreno de 812 m2, esta confortable casa de hu\u00e9spedes ubicada en Calle Playa la Gaviota N\u00b0 2155, sector costero de playa brava.<\/span><\/p>\n<p><span style=\"font-weight: 400;\">Servicios Generales<\/span><\/p>\n<ul>\n<li style=\"font-weight: 400;\" aria-level=\"1\"><span style=\"font-weight: 400;\">15 habitaciones: dos VIP, cuatro matrimoniales, ocho dobles y una single<\/span><\/li>\n<li>Servicio de desayuno y servicios de habitaci\u00f3n hasta las 12:00 hrs.<\/li>\n<li style=\"font-weight: 400;\" aria-level=\"1\"><span style=\"font-weight: 400;\">Aire acondicionado<\/span><\/li>\n<li style=\"font-weight: 400;\" aria-level=\"1\"><span style=\"font-weight: 400;\">Frigobar<\/span><\/li>\n<li style=\"font-weight: 400;\" aria-level=\"1\"><span style=\"font-weight: 400;\">TV cable y WIFI<\/span><\/li>\n<li style=\"font-weight: 400;\" aria-level=\"1\"><span style=\"font-weight: 400;\">Ba\u00f1o privado<\/span><\/li>\n<li style=\"font-weight: 400;\" aria-level=\"1\"><span style=\"font-weight: 400;\">Bar con tv cable y TNT Sport<\/span><\/li>\n<li style=\"font-weight: 400;\" aria-level=\"1\"><span style=\"font-weight: 400;\">Salones<\/span><\/li>\n<li style=\"font-weight: 400;\" aria-level=\"1\"><span style=\"font-weight: 400;\">Terraza<\/span><\/li>\n<li>Lavander\u00eda autoservicio<span style=\"font-weight: 400;\"><\/span><\/li>\n<li style=\"font-weight: 400;\" aria-level=\"1\"><span style=\"font-weight: 400;\">Comedores con capacidad para 32 personas.<\/span><\/li>\n<li style=\"font-weight: 400;\" aria-level=\"1\"><span style=\"font-weight: 400;\">Estacionamiento privado.<\/span><\/li>\n<\/ul>\n<p>&nbsp;<\/p>\n<p>[\/et_pb_text][et_pb_team_member name=\u00bbE.P. Ley N\u00b0 18.712 Ra\u00fal CASTILLO Y\u00e1\u00f1ez\u00bb position=\u00bbAdministrador\u00bb image_url=\u00bbhttps:\/\/elbienique.cl\/web\/wp-content\/uploads\/2024\/04\/administrador_angamos.png\u00bb _builder_version=\u00bb4.21.0&#8243; _module_preset=\u00bbdefault\u00bb header_font=\u00bb|600|||||||\u00bb header_text_color=\u00bbgcid-f97cece5-7be8-4f1e-9c80-b24cb8a333b3&#8243; position_font=\u00bb|600|||||||\u00bb position_text_color=\u00bb#000000&#8243; custom_margin=\u00bb||44px|||\u00bb custom_padding=\u00bb20px|20px|20px|20px|true|true\u00bb border_radii=\u00bbon|15px|15px|15px|15px\u00bb box_shadow_style=\u00bbpreset1&#8243; global_colors_info=\u00bb{%22gcid-f97cece5-7be8-4f1e-9c80-b24cb8a333b3%22:%91%22header_text_color%22%93}\u00bb]<\/p>\n<p>&nbsp;<\/p>\n<ul>\n<li><img loading=\"lazy\" decoding=\"async\" data-src=\"https:\/\/elbienique.cl\/web\/wp-content\/uploads\/2024\/04\/telefono-300x300.png\" width=\"15\" height=\"15\" alt=\"\" class=\"wp-image-119 alignnone size-medium lazyload\" src=\"data:image\/gif;base64,R0lGODlhAQABAAAAACH5BAEKAAEALAAAAAABAAEAAAICTAEAOw==\" style=\"--smush-placeholder-width: 15px; --smush-placeholder-aspect-ratio: 15\/15;\" \/><noscript><img loading=\"lazy\" decoding=\"async\" src=\"https:\/\/elbienique.cl\/web\/wp-content\/uploads\/2024\/04\/telefono-300x300.png\" width=\"15\" height=\"15\" alt=\"\" class=\"wp-image-119 alignnone size-medium\" \/><\/noscript> Fono 572218794<\/li>\n<li>Reservas al siguiente email (reservas se revisan desde 8:30 hrs\u00a0 a 18:00 hrs Lunes a Viernes)<\/li>\n<li><img loading=\"lazy\" decoding=\"async\" data-src=\"https:\/\/elbienique.cl\/web\/wp-content\/uploads\/2024\/04\/email-300x300.png\" width=\"15\" height=\"15\" alt=\"\" class=\"wp-image-118 alignnone size-medium lazyload\" style=\"--smush-placeholder-width: 15px; --smush-placeholder-aspect-ratio: 15\/15;font-size: 14px;\" src=\"data:image\/gif;base64,R0lGODlhAQABAAAAACH5BAEKAAEALAAAAAABAAEAAAICTAEAOw==\" \/><noscript><img loading=\"lazy\" decoding=\"async\" src=\"https:\/\/elbienique.cl\/web\/wp-content\/uploads\/2024\/04\/email-300x300.png\" width=\"15\" height=\"15\" alt=\"\" class=\"wp-image-118 alignnone size-medium\" style=\"font-size: 14px;\" \/><\/noscript><span style=\"font-size: 14px;\"> Email: caletaangamos@gmail.com<\/span><\/li>\n<\/ul>\n<p>[\/et_pb_team_member][et_pb_text _builder_version=\u00bb4.21.0&#8243; _module_preset=\u00bbdefault\u00bb global_colors_info=\u00bb{}\u00bb]<\/p>\n<h3><span style=\"color: #008000;\"><strong>TARIFAS VIGENTES<\/strong><\/span><\/h3>\n<p>[\/et_pb_text][et_pb_image src=\u00bbhttps:\/\/elbienique.cl\/web\/wp-content\/uploads\/2026\/01\/angamos26.png\u00bb title_text=\u00bbangamos26&#8243; _builder_version=\u00bb4.21.0&#8243; _module_preset=\u00bbdefault\u00bb custom_margin=\u00bb||41px|||\u00bb global_colors_info=\u00bb{}\u00bb][\/et_pb_image][\/et_pb_column][\/et_pb_row][\/et_pb_section]<\/p>\n","protected":false},"excerpt":{"rendered":"<p>CASA DE HUESPEDES CALETA ANGAMOS 2026 &nbsp; DESCRIPCI\u00d3N GENERAL Emplazada en un terreno de 812 m2, esta confortable casa de hu\u00e9spedes ubicada en Calle Playa la Gaviota N\u00b0 2155, sector costero de playa brava. Servicios Generales 15 habitaciones: dos VIP, cuatro matrimoniales, ocho dobles y una single Servicio de desayuno y servicios de habitaci\u00f3n hasta [&hellip;]<\/p>\n","protected":false},"author":1,"featured_media":0,"parent":0,"menu_order":0,"comment_status":"closed","ping_status":"closed","template":"","meta":{"_et_pb_use_builder":"on","_et_pb_old_content":"","_et_gb_content_width":"","footnotes":""},"class_list":["post-742","page","type-page","status-publish","hentry"],"_links":{"self":[{"href":"https:\/\/elbienique.cl\/web\/index.php\/wp-json\/wp\/v2\/pages\/742","targetHints":{"allow":["GET"]}}],"collection":[{"href":"https:\/\/elbienique.cl\/web\/index.php\/wp-json\/wp\/v2\/pages"}],"about":[{"href":"https:\/\/elbienique.cl\/web\/index.php\/wp-json\/wp\/v2\/types\/page"}],"author":[{"embeddable":true,"href":"https:\/\/elbienique.cl\/web\/index.php\/wp-json\/wp\/v2\/users\/1"}],"replies":[{"embeddable":true,"href":"https:\/\/elbienique.cl\/web\/index.php\/wp-json\/wp\/v2\/comments?post=742"}],"version-history":[{"count":8,"href":"https:\/\/elbienique.cl\/web\/index.php\/wp-json\/wp\/v2\/pages\/742\/revisions"}],"predecessor-version":[{"id":819,"href":"https:\/\/elbienique.cl\/web\/index.php\/wp-json\/wp\/v2\/pages\/742\/revisions\/819"}],"wp:attachment":[{"href":"https:\/\/elbienique.cl\/web\/index.php\/wp-json\/wp\/v2\/media?parent=742"}],"curies":[{"name":"wp","href":"https:\/\/api.w.org\/{rel}","templated":true}]}}